{"id":15,"date":"2020-09-19T10:17:35","date_gmt":"2020-09-19T08:17:35","guid":{"rendered":"http:\/\/ubet\/?page_id=15"},"modified":"2020-10-16T12:56:16","modified_gmt":"2020-10-16T10:56:16","slug":"zona-socis","status":"publish","type":"page","link":"https:\/\/ubetlescala.org\/fr\/zona-socis\/","title":{"rendered":"Zone Adh\u00e9rent"},"content":{"rendered":"<p><\/p>\n<h2>Vous \u00eates d\u00e9j\u00e0 connect\u00e9 en tant qu&rsquo;utilisateur<\/h2>\n<p>pour g\u00e9rer le contenu de votre page allez dans le <a href=\"..\/wp-admin\">panneau d&rsquo;administration<\/a>.<\/p>","protected":false},"excerpt":{"rendered":"Connectez-vous \u00e0 votre compte","protected":false},"author":1,"featured_media":0,"parent":0,"menu_order":0,"comment_status":"closed","ping_status":"closed","template":"page-members.php","meta":{"_acf_changed":false,"footnotes":""},"class_list":["post-15","page","type-page","status-publish","hentry"],"acf":[],"_links":{"self":[{"href":"https:\/\/ubetlescala.org\/fr\/wp-json\/wp\/v2\/pages\/15","targetHints":{"allow":["GET"]}}],"collection":[{"href":"https:\/\/ubetlescala.org\/fr\/wp-json\/wp\/v2\/pages"}],"about":[{"href":"https:\/\/ubetlescala.org\/fr\/wp-json\/wp\/v2\/types\/page"}],"author":[{"embeddable":true,"href":"https:\/\/ubetlescala.org\/fr\/wp-json\/wp\/v2\/users\/1"}],"replies":[{"embeddable":true,"href":"https:\/\/ubetlescala.org\/fr\/wp-json\/wp\/v2\/comments?post=15"}],"version-history":[{"count":13,"href":"https:\/\/ubetlescala.org\/fr\/wp-json\/wp\/v2\/pages\/15\/revisions"}],"predecessor-version":[{"id":451,"href":"https:\/\/ubetlescala.org\/fr\/wp-json\/wp\/v2\/pages\/15\/revisions\/451"}],"wp:attachment":[{"href":"https:\/\/ubetlescala.org\/fr\/wp-json\/wp\/v2\/media?parent=15"}],"curies":[{"name":"wp","href":"https:\/\/api.w.org\/{rel}","templated":true}]}}